{"id":1034,"date":"2021-02-10T17:56:01","date_gmt":"2021-02-10T20:56:01","guid":{"rendered":"https:\/\/staging.cognitus-erp.com.br\/?page_id=1034"},"modified":"2025-02-19T11:53:28","modified_gmt":"2025-02-19T14:53:28","slug":"trabalhe-conosco","status":"publish","type":"page","link":"https:\/\/cognitus-erp.com.br\/site\/trabalhe-conosco\/","title":{"rendered":"Trabalhe Conosco"},"content":{"rendered":"\t\t<div data-elementor-type=\"wp-page\" data-elementor-id=\"1034\" class=\"elementor elementor-1034\">\n\t\t\t\t\t\t<section class=\"elementor-section elementor-top-section elementor-element elementor-element-d523862 elementor-section-boxed elementor-section-height-default elementor-section-height-default\" data-id=\"d523862\" data-element_type=\"section\" data-e-type=\"section\">\n\t\t\t\t\t\t<div class=\"elementor-container elementor-column-gap-default\">\n\t\t\t\t\t<div class=\"elementor-column elementor-col-100 elementor-top-column elementor-element elementor-element-98f5567\" data-id=\"98f5567\" data-element_type=\"column\" data-e-type=\"column\">\n\t\t\t<div class=\"elementor-widget-wrap elementor-element-populated\">\n\t\t\t\t\t\t<div class=\"elementor-element elementor-element-2775f59 elementor-widget-divider--view-line elementor-widget elementor-widget-divider\" data-id=\"2775f59\" data-element_type=\"widget\" data-e-type=\"widget\" data-widget_type=\"divider.default\">\n\t\t\t\t<div class=\"elementor-widget-container\">\n\t\t\t\t\t\t\t<div class=\"elementor-divider\">\n\t\t\t<span class=\"elementor-divider-separator\">\n\t\t\t\t\t\t<\/span>\n\t\t<\/div>\n\t\t\t\t\t\t<\/div>\n\t\t\t\t<\/div>\n\t\t\t\t<div class=\"elementor-element elementor-element-e3f19cb elementor-widget elementor-widget-heading\" data-id=\"e3f19cb\" data-element_type=\"widget\" data-e-type=\"widget\" data-widget_type=\"heading.default\">\n\t\t\t\t<div class=\"elementor-widget-container\">\n\t\t\t\t\t<h2 class=\"elementor-heading-title elementor-size-default\">Trabalhe Conosco<\/h2>\t\t\t\t<\/div>\n\t\t\t\t<\/div>\n\t\t\t\t<div class=\"elementor-element elementor-element-3ad229f elementor-widget elementor-widget-text-editor\" data-id=\"3ad229f\" data-element_type=\"widget\" data-e-type=\"widget\" data-widget_type=\"text-editor.default\">\n\t\t\t\t<div class=\"elementor-widget-container\">\n\t\t\t\t\t\t\t\t\t<p>Estamos sempre em busca de novos talentos para se juntar \u00e0 nossa equipe. Se voc\u00ea \u00e9 apaixonado pelo que faz, dedicado e busca um ambiente de trabalho din\u00e2mico e inovador, queremos conhecer voc\u00ea!<\/p><p>Preencha o formul\u00e1rio com suas informa\u00e7\u00f5es. Nossa equipe de recrutamento revisar\u00e1 sua candidatura e, caso seu perfil esteja alinhado com nossas necessidades, entraremos em contato.<\/p>\t\t\t\t\t\t\t\t<\/div>\n\t\t\t\t<\/div>\n\t\t\t\t\t<\/div>\n\t\t<\/div>\n\t\t\t\t\t<\/div>\n\t\t<\/section>\n\t\t\t\t<section class=\"elementor-section elementor-top-section elementor-element elementor-element-7119fbc elementor-section-boxed elementor-section-height-default elementor-section-height-default\" data-id=\"7119fbc\" data-element_type=\"section\" data-e-type=\"section\" data-settings=\"{&quot;background_background&quot;:&quot;classic&quot;}\">\n\t\t\t\t\t\t<div class=\"elementor-container elementor-column-gap-default\">\n\t\t\t\t\t<div class=\"elementor-column elementor-col-100 elementor-top-column elementor-element elementor-element-bbb45a0\" data-id=\"bbb45a0\" data-element_type=\"column\" data-e-type=\"column\" data-settings=\"{&quot;background_background&quot;:&quot;classic&quot;}\">\n\t\t\t<div class=\"elementor-widget-wrap elementor-element-populated\">\n\t\t\t\t\t\t<div class=\"elementor-element elementor-element-bf0524c elementor-widget__width-initial elementor-widget elementor-widget-wpforms\" data-id=\"bf0524c\" data-element_type=\"widget\" data-e-type=\"widget\" data-widget_type=\"wpforms.default\">\n\t\t\t\t<div class=\"elementor-widget-container\">\n\t\t\t\t\t<style id=\"wpforms-css-vars-elementor-widget-bf0524c\">\n\t\t\t\t.elementor-widget-wpforms.elementor-element-bf0524c {\n\t\t\t\t--wpforms-field-background-color: #FFFFFF03;\n--wpforms-field-border-color: #7A7A7A;\n--wpforms-field-border-color-spare: #7A7A7A;\n--wpforms-field-text-color: #0D2233;\n--wpforms-label-color: #1e293b;\n--wpforms-label-sublabel-color: #54595F;\n--wpforms-button-border-radius: 7px;\n--wpforms-button-background-color: #046bd2;\n--wpforms-field-size-input-height: 31px;\n--wpforms-field-size-input-spacing: 10px;\n--wpforms-field-size-font-size: 14px;\n--wpforms-field-size-line-height: 17px;\n--wpforms-field-size-padding-h: 9px;\n--wpforms-field-size-checkbox-size: 14px;\n--wpforms-field-size-sublabel-spacing: 5px;\n--wpforms-field-size-icon-size: 0.75;\n\t\t\t}\n\t\t\t<\/style><div class=\"wpforms-container wpforms-container-full wpforms-render-modern\" id=\"wpforms-1437\"><form id=\"wpforms-form-1437\" class=\"wpforms-validate wpforms-form wpforms-ajax-form\" data-formid=\"1437\" method=\"post\" enctype=\"multipart\/form-data\" action=\"\/site\/wp-json\/wp\/v2\/pages\/1034\" data-token=\"e0fbc604a8c77b8632f00f8dad9a46bf\" data-token-time=\"1776957285\"><noscript class=\"wpforms-error-noscript\">Ative o JavaScript no seu navegador para preencher este formul\u00e1rio.<\/noscript><div id=\"wpforms-error-noscript\" style=\"display: none;\">Ative o JavaScript no seu navegador para preencher este formul\u00e1rio.<\/div><div class=\"wpforms-field-container\"><div id=\"wpforms-1437-field_4-container\" class=\"wpforms-field wpforms-field-text\" data-field-id=\"4\"><label class=\"wpforms-field-label\" for=\"wpforms-1437-field_4\">Nome \/ Raz\u00e3o Social <span class=\"wpforms-required-label\" aria-hidden=\"true\">*<\/span><\/label><input type=\"text\" id=\"wpforms-1437-field_4\" class=\"wpforms-field-large wpforms-field-required\" name=\"wpforms[fields][4]\" aria-errormessage=\"wpforms-1437-field_4-error\" required><\/div><div id=\"wpforms-1437-field_5-container\" class=\"wpforms-field wpforms-field-text\" data-field-id=\"5\"><label class=\"wpforms-field-label\" for=\"wpforms-1437-field_5\">CPF \/ CNPJ <span class=\"wpforms-required-label\" aria-hidden=\"true\">*<\/span><\/label><input type=\"text\" id=\"wpforms-1437-field_5\" class=\"wpforms-field-large wpforms-field-required\" name=\"wpforms[fields][5]\" aria-errormessage=\"wpforms-1437-field_5-error\" required><\/div><div id=\"wpforms-1437-field_6-container\" class=\"wpforms-field wpforms-field-text\" data-field-id=\"6\"><label class=\"wpforms-field-label\" for=\"wpforms-1437-field_6\">Endere\u00e7o<\/label><input type=\"text\" id=\"wpforms-1437-field_6\" class=\"wpforms-field-large\" name=\"wpforms[fields][6]\" aria-errormessage=\"wpforms-1437-field_6-error\" ><\/div><div id=\"wpforms-1437-field_7-container\" class=\"wpforms-field wpforms-field-text\" data-field-id=\"7\"><label class=\"wpforms-field-label\" for=\"wpforms-1437-field_7\">Cidade<\/label><input type=\"text\" id=\"wpforms-1437-field_7\" class=\"wpforms-field-large\" name=\"wpforms[fields][7]\" aria-errormessage=\"wpforms-1437-field_7-error\" ><\/div><div id=\"wpforms-1437-field_8-container\" class=\"wpforms-field wpforms-field-select wpforms-field-select-style-classic\" data-field-id=\"8\"><label class=\"wpforms-field-label\" for=\"wpforms-1437-field_8\">Estado<\/label><select id=\"wpforms-1437-field_8\" class=\"wpforms-field-large\" name=\"wpforms[fields][8]\"><option value=\"Acre (AC)\"  class=\"choice-1 depth-1\"  >Acre (AC)<\/option><option value=\"Alagoas (AL)\"  class=\"choice-2 depth-1\"  >Alagoas (AL)<\/option><option value=\"Amap\u00e1 (AP)\"  class=\"choice-3 depth-1\"  >Amap\u00e1 (AP)<\/option><option value=\"Amazonas (AM)\"  class=\"choice-4 depth-1\"  >Amazonas (AM)<\/option><option value=\"Bahia (BA)\"  class=\"choice-5 depth-1\"  >Bahia (BA)<\/option><option value=\"Cear\u00e1 (CE)\"  class=\"choice-6 depth-1\"  >Cear\u00e1 (CE)<\/option><option value=\"Distrito Federal (DF)\"  class=\"choice-7 depth-1\"  >Distrito Federal (DF)<\/option><option value=\"Esp\u00edrito Santo (ES)\"  class=\"choice-8 depth-1\"  >Esp\u00edrito Santo (ES)<\/option><option value=\"Goi\u00e1s (GO)\"  class=\"choice-9 depth-1\"  >Goi\u00e1s (GO)<\/option><option value=\"Maranh\u00e3o (MA)\"  class=\"choice-10 depth-1\"  >Maranh\u00e3o (MA)<\/option><option value=\"Mato Grosso (MT)\"  class=\"choice-11 depth-1\"  >Mato Grosso (MT)<\/option><option value=\"Mato Grosso do Sul (MS)\"  class=\"choice-12 depth-1\"  >Mato Grosso do Sul (MS)<\/option><option value=\"Minas Gerais (MG)\"  class=\"choice-13 depth-1\"  >Minas Gerais (MG)<\/option><option value=\"Par\u00e1 (PA)\"  class=\"choice-14 depth-1\"  >Par\u00e1 (PA)<\/option><option value=\"Para\u00edba (PB)\"  class=\"choice-15 depth-1\"  >Para\u00edba (PB)<\/option><option value=\"Paran\u00e1 (PR)\"  class=\"choice-16 depth-1\"  >Paran\u00e1 (PR)<\/option><option value=\"Pernambuco (PE)\"  class=\"choice-17 depth-1\"  >Pernambuco (PE)<\/option><option value=\"Piau\u00ed (PI)\"  class=\"choice-18 depth-1\"  >Piau\u00ed (PI)<\/option><option value=\"Rio de Janeiro (RJ)\"  class=\"choice-19 depth-1\"  >Rio de Janeiro (RJ)<\/option><option value=\"Rio Grande do Norte (RN)\"  class=\"choice-20 depth-1\"  >Rio Grande do Norte (RN)<\/option><option value=\"Rio Grande do Sul (RS)\"  class=\"choice-21 depth-1\"  >Rio Grande do Sul (RS)<\/option><option value=\"Rond\u00f4nia (RO)\"  class=\"choice-22 depth-1\"  >Rond\u00f4nia (RO)<\/option><option value=\"Roraima (RR)\"  class=\"choice-23 depth-1\"  >Roraima (RR)<\/option><option value=\"Santa Catarina (SC)\"  class=\"choice-24 depth-1\"  >Santa Catarina (SC)<\/option><option value=\"S\u00e3o Paulo (SP)\"  class=\"choice-25 depth-1\"  >S\u00e3o Paulo (SP)<\/option><option value=\"Sergipe (SE)\"  class=\"choice-26 depth-1\"  >Sergipe (SE)<\/option><option value=\"Tocantins (TO)\"  class=\"choice-27 depth-1\"  >Tocantins (TO)<\/option><\/select><\/div>\t\t<div id=\"wpforms-1437-field_1-container\"\n\t\t\tclass=\"wpforms-field wpforms-field-text\"\n\t\t\tdata-field-type=\"text\"\n\t\t\tdata-field-id=\"1\"\n\t\t\t>\n\t\t\t<label class=\"wpforms-field-label\" for=\"wpforms-1437-field_1\" >E-mail CNPJ conte<\/label>\n\t\t\t<input type=\"text\" id=\"wpforms-1437-field_1\" class=\"wpforms-field-medium\" name=\"wpforms[fields][1]\" >\n\t\t<\/div>\n\t\t<div id=\"wpforms-1437-field_9-container\" class=\"wpforms-field wpforms-field-text\" data-field-id=\"9\"><label class=\"wpforms-field-label\" for=\"wpforms-1437-field_9\">Telefone <span class=\"wpforms-required-label\" aria-hidden=\"true\">*<\/span><\/label><input type=\"text\" id=\"wpforms-1437-field_9\" class=\"wpforms-field-large wpforms-field-required\" name=\"wpforms[fields][9]\" aria-errormessage=\"wpforms-1437-field_9-error\" required><\/div><div id=\"wpforms-1437-field_10-container\" class=\"wpforms-field wpforms-field-email\" data-field-id=\"10\"><label class=\"wpforms-field-label\" for=\"wpforms-1437-field_10\">E-mail <span class=\"wpforms-required-label\" aria-hidden=\"true\">*<\/span><\/label><input type=\"email\" id=\"wpforms-1437-field_10\" class=\"wpforms-field-large wpforms-field-required\" name=\"wpforms[fields][10]\" spellcheck=\"false\" aria-errormessage=\"wpforms-1437-field_10-error\" required><\/div><div id=\"wpforms-1437-field_12-container\" class=\"wpforms-field wpforms-field-text\" data-field-id=\"12\"><label class=\"wpforms-field-label\" for=\"wpforms-1437-field_12\">Site<\/label><input type=\"text\" id=\"wpforms-1437-field_12\" class=\"wpforms-field-large\" name=\"wpforms[fields][12]\" aria-errormessage=\"wpforms-1437-field_12-error\" ><\/div><div id=\"wpforms-1437-field_13-container\" class=\"wpforms-field wpforms-field-checkbox wpforms-list-inline\" data-field-id=\"13\"><fieldset><legend class=\"wpforms-field-label\">Interesse <span class=\"wpforms-required-label\" aria-hidden=\"true\">*<\/span><\/legend><ul id=\"wpforms-1437-field_13\" class=\"wpforms-field-required\"><li class=\"choice-1 depth-1\"><input type=\"checkbox\" id=\"wpforms-1437-field_13_1\" name=\"wpforms[fields][13][]\" value=\"Analista de Suporte\" aria-errormessage=\"wpforms-1437-field_13_1-error\" required ><label class=\"wpforms-field-label-inline\" for=\"wpforms-1437-field_13_1\">Analista de Suporte<\/label><\/li><li class=\"choice-2 depth-1\"><input type=\"checkbox\" id=\"wpforms-1437-field_13_2\" name=\"wpforms[fields][13][]\" value=\"Programador Analista\" aria-errormessage=\"wpforms-1437-field_13_2-error\" required ><label class=\"wpforms-field-label-inline\" for=\"wpforms-1437-field_13_2\">Programador Analista<\/label><\/li><li class=\"choice-3 depth-1\"><input type=\"checkbox\" id=\"wpforms-1437-field_13_3\" name=\"wpforms[fields][13][]\" value=\"Representante Comercial\" aria-errormessage=\"wpforms-1437-field_13_3-error\" required ><label class=\"wpforms-field-label-inline\" for=\"wpforms-1437-field_13_3\">Representante Comercial<\/label><\/li><\/ul><\/fieldset><\/div><div id=\"wpforms-1437-field_14-container\" class=\"wpforms-field wpforms-field-textarea\" data-field-id=\"14\"><label class=\"wpforms-field-label\" for=\"wpforms-1437-field_14\">Nos conte um pouco sobre voc\u00ea <span class=\"wpforms-required-label\" aria-hidden=\"true\">*<\/span><\/label><textarea id=\"wpforms-1437-field_14\" class=\"wpforms-field-medium wpforms-field-required\" name=\"wpforms[fields][14]\" aria-errormessage=\"wpforms-1437-field_14-error\" required><\/textarea><\/div><script>\n\t\t\t\t( function() {\n\t\t\t\t\tconst style = document.createElement( 'style' );\n\t\t\t\t\tstyle.appendChild( document.createTextNode( '#wpforms-1437-field_1-container { position: absolute !important; overflow: hidden !important; display: inline !important; height: 1px !important; width: 1px !important; z-index: -1000 !important; padding: 0 !important; } #wpforms-1437-field_1-container input { visibility: hidden; } #wpforms-conversational-form-page #wpforms-1437-field_1-container label { counter-increment: none; }' ) );\n\t\t\t\t\tdocument.head.appendChild( style );\n\t\t\t\t\tdocument.currentScript?.remove();\n\t\t\t\t} )();\n\t\t\t<\/script><\/div><!-- .wpforms-field-container --><div class=\"wpforms-submit-container\" ><input type=\"hidden\" name=\"wpforms[id]\" value=\"1437\"><input type=\"hidden\" name=\"page_title\" value=\"\"><input type=\"hidden\" name=\"page_url\" value=\"https:\/\/cognitus-erp.com.br\/site\/wp-json\/wp\/v2\/pages\/1034\"><input type=\"hidden\" name=\"url_referer\" value=\"\"><button type=\"submit\" name=\"wpforms[submit]\" id=\"wpforms-submit-1437\" class=\"wpforms-submit\" data-alt-text=\"Enviando\u2026\" data-submit-text=\"Enviar\" aria-live=\"assertive\" value=\"wpforms-submit\">Enviar<\/button><img decoding=\"async\" data-src=\"https:\/\/cognitus-erp.com.br\/site\/wp-content\/plugins\/wpforms-lite\/assets\/images\/submit-spin.svg\" class=\"wpforms-submit-spinner lazyload\" style=\"--smush-placeholder-width: 26px; --smush-placeholder-aspect-ratio: 26\/26;display: none;\" width=\"26\" height=\"26\" alt=\"Carregando\" src=\"data:image\/svg+xml;base64,PHN2ZyB3aWR0aD0iMSIgaGVpZ2h0PSIxIiB4bWxucz0iaHR0cDovL3d3dy53My5vcmcvMjAwMC9zdmciPjwvc3ZnPg==\"><\/div><\/form><\/div>  <!-- .wpforms-container -->\t\t\t\t<\/div>\n\t\t\t\t<\/div>\n\t\t\t\t\t<\/div>\n\t\t<\/div>\n\t\t\t\t\t<\/div>\n\t\t<\/section>\n\t\t\t\t<\/div>\n\t\t","protected":false},"excerpt":{"rendered":"<p>Trabalhe Conosco Estamos sempre em busca de novos talentos para se juntar \u00e0 nossa equipe. Se voc\u00ea \u00e9 apaixonado pelo [&hellip;]<\/p>\n","protected":false},"author":6,"featured_media":0,"parent":0,"menu_order":0,"comment_status":"closed","ping_status":"closed","template":"","meta":{"_eb_attr":"","site-sidebar-layout":"default","site-content-layout":"","ast-site-content-layout":"","site-content-style":"default","site-sidebar-style":"default","ast-global-header-display":"","ast-banner-title-visibility":"","ast-main-header-display":"","ast-hfb-above-header-display":"","ast-hfb-below-header-display":"","ast-hfb-mobile-header-display":"","site-post-title":"","ast-breadcrumbs-content":"","ast-featured-img":"","footer-sml-layout":"","theme-transparent-header-meta":"","adv-header-id-meta":"","stick-header-meta":"","header-above-stick-meta":"","header-main-stick-meta":"","header-below-stick-meta":"","astra-migrate-meta-layouts":"default","ast-page-background-enabled":"default","ast-page-background-meta":{"desktop":{"background-color":"var(--ast-global-color-4)","background-image":"","background-repeat":"repeat","background-position":"center center","background-size":"auto","background-attachment":"scroll","background-type":"","background-media":"","overlay-type":"","overlay-color":"","overlay-opacity":"","overlay-gradient":""},"tablet":{"background-color":"","background-image":"","background-repeat":"repeat","background-position":"center center","background-size":"auto","background-attachment":"scroll","background-type":"","background-media":"","overlay-type":"","overlay-color":"","overlay-opacity":"","overlay-gradient":""},"mobile":{"background-color":"","background-image":"","background-repeat":"repeat","background-position":"center center","background-size":"auto","background-attachment":"scroll","background-type":"","background-media":"","overlay-type":"","overlay-color":"","overlay-opacity":"","overlay-gradient":""}},"ast-content-background-meta":{"desktop":{"background-color":"var(--ast-global-color-5)","background-image":"","background-repeat":"repeat","background-position":"center center","background-size":"auto","background-attachment":"scroll","background-type":"","background-media":"","overlay-type":"","overlay-color":"","overlay-opacity":"","overlay-gradient":""},"tablet":{"background-color":"var(--ast-global-color-5)","background-image":"","background-repeat":"repeat","background-position":"center center","background-size":"auto","background-attachment":"scroll","background-type":"","background-media":"","overlay-type":"","overlay-color":"","overlay-opacity":"","overlay-gradient":""},"mobile":{"background-color":"var(--ast-global-color-5)","background-image":"","background-repeat":"repeat","background-position":"center center","background-size":"auto","background-attachment":"scroll","background-type":"","background-media":"","overlay-type":"","overlay-color":"","overlay-opacity":"","overlay-gradient":""}},"footnotes":""},"class_list":["post-1034","page","type-page","status-publish","hentry"],"yoast_head":"<!-- This site is optimized with the Yoast SEO plugin v27.4 - https:\/\/yoast.com\/product\/yoast-seo-wordpress\/ -->\n<title>Trabalhe Conosco - Cognitus\u00ae ERP<\/title>\n<meta name=\"robots\" content=\"index, follow, max-snippet:-1, max-image-preview:large, max-video-preview:-1\" \/>\n<link rel=\"canonical\" href=\"https:\/\/cognitus-erp.com.br\/site\/trabalhe-conosco\/\" \/>\n<meta property=\"og:locale\" content=\"pt_BR\" \/>\n<meta property=\"og:type\" content=\"article\" \/>\n<meta property=\"og:title\" content=\"Trabalhe Conosco - Cognitus\u00ae ERP\" \/>\n<meta property=\"og:description\" content=\"Trabalhe Conosco Estamos sempre em busca de novos talentos para se juntar \u00e0 nossa equipe. Se voc\u00ea \u00e9 apaixonado pelo [&hellip;]\" \/>\n<meta property=\"og:url\" content=\"https:\/\/cognitus-erp.com.br\/site\/trabalhe-conosco\/\" \/>\n<meta property=\"og:site_name\" content=\"Cognitus\u00ae ERP\" \/>\n<meta property=\"article:modified_time\" content=\"2025-02-19T14:53:28+00:00\" \/>\n<meta property=\"og:image\" content=\"https:\/\/cognitus-erp.com.br\/site\/wp-content\/plugins\/wpforms-lite\/assets\/images\/submit-spin.svg\" \/>\n<meta name=\"twitter:card\" content=\"summary_large_image\" \/>\n<meta name=\"twitter:label1\" content=\"Est. tempo de leitura\" \/>\n\t<meta name=\"twitter:data1\" content=\"1 minuto\" \/>\n<script type=\"application\/ld+json\" class=\"yoast-schema-graph\">{\"@context\":\"https:\\\/\\\/schema.org\",\"@graph\":[{\"@type\":\"WebPage\",\"@id\":\"https:\\\/\\\/cognitus-erp.com.br\\\/site\\\/trabalhe-conosco\\\/\",\"url\":\"https:\\\/\\\/cognitus-erp.com.br\\\/site\\\/trabalhe-conosco\\\/\",\"name\":\"Trabalhe Conosco - Cognitus\u00ae ERP\",\"isPartOf\":{\"@id\":\"https:\\\/\\\/cognitus-erp.com.br\\\/site\\\/#website\"},\"primaryImageOfPage\":{\"@id\":\"https:\\\/\\\/cognitus-erp.com.br\\\/site\\\/trabalhe-conosco\\\/#primaryimage\"},\"image\":{\"@id\":\"https:\\\/\\\/cognitus-erp.com.br\\\/site\\\/trabalhe-conosco\\\/#primaryimage\"},\"thumbnailUrl\":\"https:\\\/\\\/cognitus-erp.com.br\\\/site\\\/wp-content\\\/plugins\\\/wpforms-lite\\\/assets\\\/images\\\/submit-spin.svg\",\"datePublished\":\"2021-02-10T20:56:01+00:00\",\"dateModified\":\"2025-02-19T14:53:28+00:00\",\"breadcrumb\":{\"@id\":\"https:\\\/\\\/cognitus-erp.com.br\\\/site\\\/trabalhe-conosco\\\/#breadcrumb\"},\"inLanguage\":\"pt-BR\",\"potentialAction\":[{\"@type\":\"ReadAction\",\"target\":[\"https:\\\/\\\/cognitus-erp.com.br\\\/site\\\/trabalhe-conosco\\\/\"]}]},{\"@type\":\"ImageObject\",\"inLanguage\":\"pt-BR\",\"@id\":\"https:\\\/\\\/cognitus-erp.com.br\\\/site\\\/trabalhe-conosco\\\/#primaryimage\",\"url\":\"https:\\\/\\\/cognitus-erp.com.br\\\/site\\\/wp-content\\\/plugins\\\/wpforms-lite\\\/assets\\\/images\\\/submit-spin.svg\",\"contentUrl\":\"https:\\\/\\\/cognitus-erp.com.br\\\/site\\\/wp-content\\\/plugins\\\/wpforms-lite\\\/assets\\\/images\\\/submit-spin.svg\"},{\"@type\":\"BreadcrumbList\",\"@id\":\"https:\\\/\\\/cognitus-erp.com.br\\\/site\\\/trabalhe-conosco\\\/#breadcrumb\",\"itemListElement\":[{\"@type\":\"ListItem\",\"position\":1,\"name\":\"In\u00edcio\",\"item\":\"https:\\\/\\\/cognitus-erp.com.br\\\/site\\\/\"},{\"@type\":\"ListItem\",\"position\":2,\"name\":\"Trabalhe Conosco\"}]},{\"@type\":\"WebSite\",\"@id\":\"https:\\\/\\\/cognitus-erp.com.br\\\/site\\\/#website\",\"url\":\"https:\\\/\\\/cognitus-erp.com.br\\\/site\\\/\",\"name\":\"Cognitus\u00ae ERP\",\"description\":\"Software de gest\u00e3o em nuvem totalmente integrado, customiz\u00e1vel e modular\",\"publisher\":{\"@id\":\"https:\\\/\\\/cognitus-erp.com.br\\\/site\\\/#organization\"},\"potentialAction\":[{\"@type\":\"SearchAction\",\"target\":{\"@type\":\"EntryPoint\",\"urlTemplate\":\"https:\\\/\\\/cognitus-erp.com.br\\\/site\\\/?s={search_term_string}\"},\"query-input\":{\"@type\":\"PropertyValueSpecification\",\"valueRequired\":true,\"valueName\":\"search_term_string\"}}],\"inLanguage\":\"pt-BR\"},{\"@type\":\"Organization\",\"@id\":\"https:\\\/\\\/cognitus-erp.com.br\\\/site\\\/#organization\",\"name\":\"Cognitus\u00ae ERP\",\"url\":\"https:\\\/\\\/cognitus-erp.com.br\\\/site\\\/\",\"logo\":{\"@type\":\"ImageObject\",\"inLanguage\":\"pt-BR\",\"@id\":\"https:\\\/\\\/cognitus-erp.com.br\\\/site\\\/#\\\/schema\\\/logo\\\/image\\\/\",\"url\":\"https:\\\/\\\/cognitus-erp.com.br\\\/site\\\/wp-content\\\/uploads\\\/2019\\\/09\\\/logo-cognitus-06.png\",\"contentUrl\":\"https:\\\/\\\/cognitus-erp.com.br\\\/site\\\/wp-content\\\/uploads\\\/2019\\\/09\\\/logo-cognitus-06.png\",\"width\":300,\"height\":150,\"caption\":\"Cognitus\u00ae ERP\"},\"image\":{\"@id\":\"https:\\\/\\\/cognitus-erp.com.br\\\/site\\\/#\\\/schema\\\/logo\\\/image\\\/\"}}]}<\/script>\n<!-- \/ Yoast SEO plugin. -->","yoast_head_json":{"title":"Trabalhe Conosco - Cognitus\u00ae ERP","robots":{"index":"index","follow":"follow","max-snippet":"max-snippet:-1","max-image-preview":"max-image-preview:large","max-video-preview":"max-video-preview:-1"},"canonical":"https:\/\/cognitus-erp.com.br\/site\/trabalhe-conosco\/","og_locale":"pt_BR","og_type":"article","og_title":"Trabalhe Conosco - Cognitus\u00ae ERP","og_description":"Trabalhe Conosco Estamos sempre em busca de novos talentos para se juntar \u00e0 nossa equipe. Se voc\u00ea \u00e9 apaixonado pelo [&hellip;]","og_url":"https:\/\/cognitus-erp.com.br\/site\/trabalhe-conosco\/","og_site_name":"Cognitus\u00ae ERP","article_modified_time":"2025-02-19T14:53:28+00:00","og_image":[{"url":"https:\/\/cognitus-erp.com.br\/site\/wp-content\/plugins\/wpforms-lite\/assets\/images\/submit-spin.svg","type":"","width":"","height":""}],"twitter_card":"summary_large_image","twitter_misc":{"Est. tempo de leitura":"1 minuto"},"schema":{"@context":"https:\/\/schema.org","@graph":[{"@type":"WebPage","@id":"https:\/\/cognitus-erp.com.br\/site\/trabalhe-conosco\/","url":"https:\/\/cognitus-erp.com.br\/site\/trabalhe-conosco\/","name":"Trabalhe Conosco - Cognitus\u00ae ERP","isPartOf":{"@id":"https:\/\/cognitus-erp.com.br\/site\/#website"},"primaryImageOfPage":{"@id":"https:\/\/cognitus-erp.com.br\/site\/trabalhe-conosco\/#primaryimage"},"image":{"@id":"https:\/\/cognitus-erp.com.br\/site\/trabalhe-conosco\/#primaryimage"},"thumbnailUrl":"https:\/\/cognitus-erp.com.br\/site\/wp-content\/plugins\/wpforms-lite\/assets\/images\/submit-spin.svg","datePublished":"2021-02-10T20:56:01+00:00","dateModified":"2025-02-19T14:53:28+00:00","breadcrumb":{"@id":"https:\/\/cognitus-erp.com.br\/site\/trabalhe-conosco\/#breadcrumb"},"inLanguage":"pt-BR","potentialAction":[{"@type":"ReadAction","target":["https:\/\/cognitus-erp.com.br\/site\/trabalhe-conosco\/"]}]},{"@type":"ImageObject","inLanguage":"pt-BR","@id":"https:\/\/cognitus-erp.com.br\/site\/trabalhe-conosco\/#primaryimage","url":"https:\/\/cognitus-erp.com.br\/site\/wp-content\/plugins\/wpforms-lite\/assets\/images\/submit-spin.svg","contentUrl":"https:\/\/cognitus-erp.com.br\/site\/wp-content\/plugins\/wpforms-lite\/assets\/images\/submit-spin.svg"},{"@type":"BreadcrumbList","@id":"https:\/\/cognitus-erp.com.br\/site\/trabalhe-conosco\/#breadcrumb","itemListElement":[{"@type":"ListItem","position":1,"name":"In\u00edcio","item":"https:\/\/cognitus-erp.com.br\/site\/"},{"@type":"ListItem","position":2,"name":"Trabalhe Conosco"}]},{"@type":"WebSite","@id":"https:\/\/cognitus-erp.com.br\/site\/#website","url":"https:\/\/cognitus-erp.com.br\/site\/","name":"Cognitus\u00ae ERP","description":"Software de gest\u00e3o em nuvem totalmente integrado, customiz\u00e1vel e modular","publisher":{"@id":"https:\/\/cognitus-erp.com.br\/site\/#organization"},"potentialAction":[{"@type":"SearchAction","target":{"@type":"EntryPoint","urlTemplate":"https:\/\/cognitus-erp.com.br\/site\/?s={search_term_string}"},"query-input":{"@type":"PropertyValueSpecification","valueRequired":true,"valueName":"search_term_string"}}],"inLanguage":"pt-BR"},{"@type":"Organization","@id":"https:\/\/cognitus-erp.com.br\/site\/#organization","name":"Cognitus\u00ae ERP","url":"https:\/\/cognitus-erp.com.br\/site\/","logo":{"@type":"ImageObject","inLanguage":"pt-BR","@id":"https:\/\/cognitus-erp.com.br\/site\/#\/schema\/logo\/image\/","url":"https:\/\/cognitus-erp.com.br\/site\/wp-content\/uploads\/2019\/09\/logo-cognitus-06.png","contentUrl":"https:\/\/cognitus-erp.com.br\/site\/wp-content\/uploads\/2019\/09\/logo-cognitus-06.png","width":300,"height":150,"caption":"Cognitus\u00ae ERP"},"image":{"@id":"https:\/\/cognitus-erp.com.br\/site\/#\/schema\/logo\/image\/"}}]}},"_links":{"self":[{"href":"https:\/\/cognitus-erp.com.br\/site\/wp-json\/wp\/v2\/pages\/1034","targetHints":{"allow":["GET"]}}],"collection":[{"href":"https:\/\/cognitus-erp.com.br\/site\/wp-json\/wp\/v2\/pages"}],"about":[{"href":"https:\/\/cognitus-erp.com.br\/site\/wp-json\/wp\/v2\/types\/page"}],"author":[{"embeddable":true,"href":"https:\/\/cognitus-erp.com.br\/site\/wp-json\/wp\/v2\/users\/6"}],"replies":[{"embeddable":true,"href":"https:\/\/cognitus-erp.com.br\/site\/wp-json\/wp\/v2\/comments?post=1034"}],"version-history":[{"count":33,"href":"https:\/\/cognitus-erp.com.br\/site\/wp-json\/wp\/v2\/pages\/1034\/revisions"}],"predecessor-version":[{"id":1566,"href":"https:\/\/cognitus-erp.com.br\/site\/wp-json\/wp\/v2\/pages\/1034\/revisions\/1566"}],"wp:attachment":[{"href":"https:\/\/cognitus-erp.com.br\/site\/wp-json\/wp\/v2\/media?parent=1034"}],"curies":[{"name":"wp","href":"https:\/\/api.w.org\/{rel}","templated":true}]}}